{"id":2246,"date":"2021-05-02T16:07:36","date_gmt":"2021-05-02T14:07:36","guid":{"rendered":"https:\/\/www.fromatech.com\/environmental-policy\/"},"modified":"2025-11-25T10:47:30","modified_gmt":"2025-11-25T09:47:30","slug":"politique-environnementale","status":"publish","type":"page","link":"https:\/\/www.fromatech.com\/fr\/politique-environnementale\/","title":{"rendered":"Politique environnementale"},"content":{"rendered":"<p>Fromatech Ingredients B.V. reconna\u00eet sa responsabilit\u00e9 dans la fabrication d&rsquo;ar\u00f4mes et de solutions aromatisantes pour l&rsquo;ensemble du secteur agroalimentaire et fournit ses services de mani\u00e8re responsable envers l&rsquo;environnement, en pr\u00e9servant ses ressources naturelles et en garantissant la sant\u00e9 et la s\u00e9curit\u00e9 de ses employ\u00e9s. Nous collaborerons avec nos clients, fournisseurs et la communaut\u00e9 pour am\u00e9liorer et pr\u00e9venir la pollution.<\/p>\n<p>L&rsquo;entreprise s&rsquo;engage \u00e0\u00a0:<\/p>\n<ul>\n<li>Respecter toutes les obligations l\u00e9gales relatives \u00e0 ses objectifs environnementaux.<\/li>\n<li>D\u00e9velopper et maintenir une m\u00e9thode d&rsquo;\u00e9valuation de la performance environnementale de nos fournisseurs.<\/li>\n<li>Faire de la protection de l&rsquo;environnement une priorit\u00e9 pour l&rsquo;ensemble de l&rsquo;entreprise et mettre en \u0153uvre des mesures de r\u00e9duction des d\u00e9chets dans ses op\u00e9rations de production.<\/li>\n<li>G\u00e9rer les risques environnementaux li\u00e9s \u00e0 nos activit\u00e9s et appliquer les meilleures pratiques pour pr\u00e9venir la pollution.<\/li>\n<li>Identifier tous les produits dangereux et substances nocives pr\u00e9sents sur le lieu de travail et tenir \u00e0 jour la fiche de donn\u00e9es de s\u00e9curit\u00e9 (FDS) correspondante.<\/li>\n<li>Diffuser cette politique aupr\u00e8s de tous les employ\u00e9s, sous-traitants, clients, fournisseurs et autres parties prenantes.<\/li>\n<\/ul>\n","protected":false},"excerpt":{"rendered":"<p>Fromatech Ingredients B.V. reconna\u00eet sa responsabilit\u00e9 dans la fabrication d&rsquo;ar\u00f4mes et de solutions aromatisantes pour l&rsquo;ensemble du secteur agroalimentaire et fournit ses services de mani\u00e8re responsable envers l&rsquo;environnement, en pr\u00e9servant ses ressources naturelles et en garantissant la sant\u00e9 et la s\u00e9curit\u00e9 de ses employ\u00e9s. Nous collaborerons avec nos clients, fournisseurs et la communaut\u00e9 pour am\u00e9liorer [&hellip;]<\/p>\n","protected":false},"author":1,"featured_media":0,"parent":0,"menu_order":0,"comment_status":"closed","ping_status":"closed","template":"","meta":{"_acf_changed":false,"footnotes":""},"class_list":["post-2246","page","type-page","status-publish","hentry"],"acf":[],"yoast_head":"<!-- This site is optimized with the Yoast SEO plugin v27.0 - https:\/\/yoast.com\/product\/yoast-seo-wordpress\/ -->\n<title>Politique environnementale - Fromatech<\/title>\n<meta name=\"robots\" content=\"index, follow, max-snippet:-1, max-image-preview:large, max-video-preview:-1\" \/>\n<link rel=\"canonical\" href=\"https:\/\/www.fromatech.com\/fr\/politique-environnementale\/\" \/>\n<meta property=\"og:locale\" content=\"fr_FR\" \/>\n<meta property=\"og:type\" content=\"article\" \/>\n<meta property=\"og:title\" content=\"Politique environnementale - Fromatech\" \/>\n<meta property=\"og:description\" content=\"Fromatech Ingredients B.V. reconna\u00eet sa responsabilit\u00e9 dans la fabrication d&rsquo;ar\u00f4mes et de solutions aromatisantes pour l&rsquo;ensemble du secteur agroalimentaire et fournit ses services de mani\u00e8re responsable envers l&rsquo;environnement, en pr\u00e9servant ses ressources naturelles et en garantissant la sant\u00e9 et la s\u00e9curit\u00e9 de ses employ\u00e9s. Nous collaborerons avec nos clients, fournisseurs et la communaut\u00e9 pour am\u00e9liorer [&hellip;]\" \/>\n<meta property=\"og:url\" content=\"https:\/\/www.fromatech.com\/fr\/politique-environnementale\/\" \/>\n<meta property=\"og:site_name\" content=\"Fromatech\" \/>\n<meta property=\"article:modified_time\" content=\"2025-11-25T09:47:30+00:00\" \/>\n<meta name=\"twitter:card\" content=\"summary_large_image\" \/>\n<meta name=\"twitter:label1\" content=\"Dur\u00e9e de lecture estim\u00e9e\" \/>\n\t<meta name=\"twitter:data1\" content=\"1 minute\" \/>\n<!-- \/ Yoast SEO plugin. -->","yoast_head_json":{"title":"Politique environnementale - Fromatech","robots":{"index":"index","follow":"follow","max-snippet":"max-snippet:-1","max-image-preview":"max-image-preview:large","max-video-preview":"max-video-preview:-1"},"canonical":"https:\/\/www.fromatech.com\/fr\/politique-environnementale\/","og_locale":"fr_FR","og_type":"article","og_title":"Politique environnementale - Fromatech","og_description":"Fromatech Ingredients B.V. reconna\u00eet sa responsabilit\u00e9 dans la fabrication d&rsquo;ar\u00f4mes et de solutions aromatisantes pour l&rsquo;ensemble du secteur agroalimentaire et fournit ses services de mani\u00e8re responsable envers l&rsquo;environnement, en pr\u00e9servant ses ressources naturelles et en garantissant la sant\u00e9 et la s\u00e9curit\u00e9 de ses employ\u00e9s. Nous collaborerons avec nos clients, fournisseurs et la communaut\u00e9 pour am\u00e9liorer [&hellip;]","og_url":"https:\/\/www.fromatech.com\/fr\/politique-environnementale\/","og_site_name":"Fromatech","article_modified_time":"2025-11-25T09:47:30+00:00","twitter_card":"summary_large_image","twitter_misc":{"Dur\u00e9e de lecture estim\u00e9e":"1 minute"},"schema":{"@context":"https:\/\/schema.org","@graph":[{"@type":"WebPage","@id":"https:\/\/www.fromatech.com\/fr\/politique-environnementale\/","url":"https:\/\/www.fromatech.com\/fr\/politique-environnementale\/","name":"Politique environnementale - Fromatech","isPartOf":{"@id":"https:\/\/www.fromatech.com\/fr\/#website"},"datePublished":"2021-05-02T14:07:36+00:00","dateModified":"2025-11-25T09:47:30+00:00","breadcrumb":{"@id":"https:\/\/www.fromatech.com\/fr\/politique-environnementale\/#breadcrumb"},"inLanguage":"fr-FR","potentialAction":[{"@type":"ReadAction","target":["https:\/\/www.fromatech.com\/fr\/politique-environnementale\/"]}]},{"@type":"BreadcrumbList","@id":"https:\/\/www.fromatech.com\/fr\/politique-environnementale\/#breadcrumb","itemListElement":[{"@type":"ListItem","position":1,"name":"Home","item":"https:\/\/www.fromatech.com\/fr\/"},{"@type":"ListItem","position":2,"name":"Politique environnementale"}]},{"@type":"WebSite","@id":"https:\/\/www.fromatech.com\/fr\/#website","url":"https:\/\/www.fromatech.com\/fr\/","name":"Fromatech","description":"Fromatech","potentialAction":[{"@type":"SearchAction","target":{"@type":"EntryPoint","urlTemplate":"https:\/\/www.fromatech.com\/fr\/?s={search_term_string}"},"query-input":{"@type":"PropertyValueSpecification","valueRequired":true,"valueName":"search_term_string"}}],"inLanguage":"fr-FR"}]}},"_links":{"self":[{"href":"https:\/\/www.fromatech.com\/fr\/wp-json\/wp\/v2\/pages\/2246","targetHints":{"allow":["GET"]}}],"collection":[{"href":"https:\/\/www.fromatech.com\/fr\/wp-json\/wp\/v2\/pages"}],"about":[{"href":"https:\/\/www.fromatech.com\/fr\/wp-json\/wp\/v2\/types\/page"}],"author":[{"embeddable":true,"href":"https:\/\/www.fromatech.com\/fr\/wp-json\/wp\/v2\/users\/1"}],"replies":[{"embeddable":true,"href":"https:\/\/www.fromatech.com\/fr\/wp-json\/wp\/v2\/comments?post=2246"}],"version-history":[{"count":1,"href":"https:\/\/www.fromatech.com\/fr\/wp-json\/wp\/v2\/pages\/2246\/revisions"}],"predecessor-version":[{"id":2292,"href":"https:\/\/www.fromatech.com\/fr\/wp-json\/wp\/v2\/pages\/2246\/revisions\/2292"}],"wp:attachment":[{"href":"https:\/\/www.fromatech.com\/fr\/wp-json\/wp\/v2\/media?parent=2246"}],"curies":[{"name":"wp","href":"https:\/\/api.w.org\/{rel}","templated":true}]}}