{"id":2245,"date":"2018-05-02T10:46:04","date_gmt":"2018-05-02T08:46:04","guid":{"rendered":"https:\/\/www.fromatech.com\/privacy\/"},"modified":"2025-11-25T10:46:50","modified_gmt":"2025-11-25T09:46:50","slug":"confidentialite","status":"publish","type":"page","link":"https:\/\/www.fromatech.com\/fr\/confidentialite\/","title":{"rendered":"Confidentialit\u00e9"},"content":{"rendered":"<p>Veuillez t\u00e9l\u00e9charger ci-dessous\u00a0:<\/p>\n<ul>\n<li><a href=\"https:\/\/www.fromatech.com\/wp-content\/uploads\/2021\/04\/Privacyreglement-Fromatech-Ingredients-B.V..docx\" target=\"_blank\" rel=\"noopener\">Privacyreglement Fromatech Ingredients B.V.<\/a><\/li>\n<li><a href=\"https:\/\/www.fromatech.com\/wp-content\/uploads\/2021\/04\/Privacybeleid-Fromatech-Ingredients-B.v..docx\" target=\"_blank\" rel=\"noopener\">Privacybeleid Fromatech Ingredients B.V.<\/a><\/li>\n<\/ul>\n","protected":false},"excerpt":{"rendered":"<p>Veuillez t\u00e9l\u00e9charger ci-dessous\u00a0: Privacyreglement Fromatech Ingredients B.V. Privacybeleid Fromatech Ingredients B.V.<\/p>\n","protected":false},"author":1,"featured_media":0,"parent":0,"menu_order":0,"comment_status":"closed","ping_status":"closed","template":"","meta":{"_acf_changed":false,"footnotes":""},"class_list":["post-2245","page","type-page","status-publish","hentry"],"acf":[],"yoast_head":"<!-- This site is optimized with the Yoast SEO plugin v27.0 - https:\/\/yoast.com\/product\/yoast-seo-wordpress\/ -->\n<title>Confidentialit\u00e9 - Fromatech<\/title>\n<meta name=\"robots\" content=\"index, follow, max-snippet:-1, max-image-preview:large, max-video-preview:-1\" \/>\n<link rel=\"canonical\" href=\"https:\/\/www.fromatech.com\/fr\/confidentialite\/\" \/>\n<meta property=\"og:locale\" content=\"fr_FR\" \/>\n<meta property=\"og:type\" content=\"article\" \/>\n<meta property=\"og:title\" content=\"Confidentialit\u00e9 - Fromatech\" \/>\n<meta property=\"og:description\" content=\"Veuillez t\u00e9l\u00e9charger ci-dessous\u00a0: Privacyreglement Fromatech Ingredients B.V. Privacybeleid Fromatech Ingredients B.V.\" \/>\n<meta property=\"og:url\" content=\"https:\/\/www.fromatech.com\/fr\/confidentialite\/\" \/>\n<meta property=\"og:site_name\" content=\"Fromatech\" \/>\n<meta property=\"article:modified_time\" content=\"2025-11-25T09:46:50+00:00\" \/>\n<meta name=\"twitter:card\" content=\"summary_large_image\" \/>\n<meta name=\"twitter:label1\" content=\"Dur\u00e9e de lecture estim\u00e9e\" \/>\n\t<meta name=\"twitter:data1\" content=\"1 minute\" \/>\n<!-- \/ Yoast SEO plugin. -->","yoast_head_json":{"title":"Confidentialit\u00e9 - Fromatech","robots":{"index":"index","follow":"follow","max-snippet":"max-snippet:-1","max-image-preview":"max-image-preview:large","max-video-preview":"max-video-preview:-1"},"canonical":"https:\/\/www.fromatech.com\/fr\/confidentialite\/","og_locale":"fr_FR","og_type":"article","og_title":"Confidentialit\u00e9 - Fromatech","og_description":"Veuillez t\u00e9l\u00e9charger ci-dessous\u00a0: Privacyreglement Fromatech Ingredients B.V. Privacybeleid Fromatech Ingredients B.V.","og_url":"https:\/\/www.fromatech.com\/fr\/confidentialite\/","og_site_name":"Fromatech","article_modified_time":"2025-11-25T09:46:50+00:00","twitter_card":"summary_large_image","twitter_misc":{"Dur\u00e9e de lecture estim\u00e9e":"1 minute"},"schema":{"@context":"https:\/\/schema.org","@graph":[{"@type":"WebPage","@id":"https:\/\/www.fromatech.com\/fr\/confidentialite\/","url":"https:\/\/www.fromatech.com\/fr\/confidentialite\/","name":"Confidentialit\u00e9 - Fromatech","isPartOf":{"@id":"https:\/\/www.fromatech.com\/fr\/#website"},"datePublished":"2018-05-02T08:46:04+00:00","dateModified":"2025-11-25T09:46:50+00:00","breadcrumb":{"@id":"https:\/\/www.fromatech.com\/fr\/confidentialite\/#breadcrumb"},"inLanguage":"fr-FR","potentialAction":[{"@type":"ReadAction","target":["https:\/\/www.fromatech.com\/fr\/confidentialite\/"]}]},{"@type":"BreadcrumbList","@id":"https:\/\/www.fromatech.com\/fr\/confidentialite\/#breadcrumb","itemListElement":[{"@type":"ListItem","position":1,"name":"Home","item":"https:\/\/www.fromatech.com\/fr\/"},{"@type":"ListItem","position":2,"name":"Confidentialit\u00e9"}]},{"@type":"WebSite","@id":"https:\/\/www.fromatech.com\/fr\/#website","url":"https:\/\/www.fromatech.com\/fr\/","name":"Fromatech","description":"Fromatech","potentialAction":[{"@type":"SearchAction","target":{"@type":"EntryPoint","urlTemplate":"https:\/\/www.fromatech.com\/fr\/?s={search_term_string}"},"query-input":{"@type":"PropertyValueSpecification","valueRequired":true,"valueName":"search_term_string"}}],"inLanguage":"fr-FR"}]}},"_links":{"self":[{"href":"https:\/\/www.fromatech.com\/fr\/wp-json\/wp\/v2\/pages\/2245","targetHints":{"allow":["GET"]}}],"collection":[{"href":"https:\/\/www.fromatech.com\/fr\/wp-json\/wp\/v2\/pages"}],"about":[{"href":"https:\/\/www.fromatech.com\/fr\/wp-json\/wp\/v2\/types\/page"}],"author":[{"embeddable":true,"href":"https:\/\/www.fromatech.com\/fr\/wp-json\/wp\/v2\/users\/1"}],"replies":[{"embeddable":true,"href":"https:\/\/www.fromatech.com\/fr\/wp-json\/wp\/v2\/comments?post=2245"}],"version-history":[{"count":1,"href":"https:\/\/www.fromatech.com\/fr\/wp-json\/wp\/v2\/pages\/2245\/revisions"}],"predecessor-version":[{"id":2302,"href":"https:\/\/www.fromatech.com\/fr\/wp-json\/wp\/v2\/pages\/2245\/revisions\/2302"}],"wp:attachment":[{"href":"https:\/\/www.fromatech.com\/fr\/wp-json\/wp\/v2\/media?parent=2245"}],"curies":[{"name":"wp","href":"https:\/\/api.w.org\/{rel}","templated":true}]}}