{"id":2041,"date":"2021-01-13T13:58:21","date_gmt":"2021-01-13T12:58:21","guid":{"rendered":"https:\/\/www.fromatech.com\/our-team\/"},"modified":"2025-11-25T10:18:19","modified_gmt":"2025-11-25T09:18:19","slug":"notre-equipe","status":"publish","type":"page","link":"https:\/\/www.fromatech.com\/fr\/notre-equipe\/","title":{"rendered":"Notre \u00e9quipe"},"content":{"rendered":"<p>Chaque repr\u00e9sentant poss\u00e8de une vaste exp\u00e9rience et une expertise technique exceptionnelle dans l&rsquo;industrie agroalimentaire. Issus de diff\u00e9rentes r\u00e9gions et horizons, nos repr\u00e9sentants interagissent efficacement avec des clients de cultures et de r\u00e9gions du monde entier, anticipent leurs besoins vari\u00e9s et leur apportent un soutien personnalis\u00e9 et dynamique en permanence. Gr\u00e2ce \u00e0 nos nombreux bureaux commerciaux \u00e0 travers le monde, nous sommes flexibles et en contact \u00e9troit avec tous nos clients, o\u00f9 qu&rsquo;ils soient.<\/p>\n<p>Notre \u00e9quipe conseille et accompagne nos clients tout au long du d\u00e9veloppement et de la production de leurs produits. Si vous souhaitez en savoir plus sur ce que Fromatech peut vous offrir, n&rsquo;h\u00e9sitez pas \u00e0 nous contacter\u00a0!<\/p>\n","protected":false},"excerpt":{"rendered":"<p>Chaque repr\u00e9sentant poss\u00e8de une vaste exp\u00e9rience et une expertise technique exceptionnelle dans l&rsquo;industrie agroalimentaire. Issus de diff\u00e9rentes r\u00e9gions et horizons, nos repr\u00e9sentants interagissent efficacement avec des clients de cultures et de r\u00e9gions du monde entier, anticipent leurs besoins vari\u00e9s et leur apportent un soutien personnalis\u00e9 et dynamique en permanence. Gr\u00e2ce \u00e0 nos nombreux bureaux commerciaux [&hellip;]<\/p>\n","protected":false},"author":1,"featured_media":0,"parent":0,"menu_order":0,"comment_status":"closed","ping_status":"closed","template":"page-team.php","meta":{"_acf_changed":false,"footnotes":""},"class_list":["post-2041","page","type-page","status-publish","hentry"],"acf":[],"yoast_head":"<!-- This site is optimized with the Yoast SEO plugin v27.0 - https:\/\/yoast.com\/product\/yoast-seo-wordpress\/ -->\n<title>Notre \u00e9quipe - Fromatech<\/title>\n<meta name=\"robots\" content=\"index, follow, max-snippet:-1, max-image-preview:large, max-video-preview:-1\" \/>\n<link rel=\"canonical\" href=\"https:\/\/www.fromatech.com\/fr\/notre-equipe\/\" \/>\n<meta property=\"og:locale\" content=\"fr_FR\" \/>\n<meta property=\"og:type\" content=\"article\" \/>\n<meta property=\"og:title\" content=\"Notre \u00e9quipe - Fromatech\" \/>\n<meta property=\"og:description\" content=\"Chaque repr\u00e9sentant poss\u00e8de une vaste exp\u00e9rience et une expertise technique exceptionnelle dans l&rsquo;industrie agroalimentaire. Issus de diff\u00e9rentes r\u00e9gions et horizons, nos repr\u00e9sentants interagissent efficacement avec des clients de cultures et de r\u00e9gions du monde entier, anticipent leurs besoins vari\u00e9s et leur apportent un soutien personnalis\u00e9 et dynamique en permanence. Gr\u00e2ce \u00e0 nos nombreux bureaux commerciaux [&hellip;]\" \/>\n<meta property=\"og:url\" content=\"https:\/\/www.fromatech.com\/fr\/notre-equipe\/\" \/>\n<meta property=\"og:site_name\" content=\"Fromatech\" \/>\n<meta property=\"article:modified_time\" content=\"2025-11-25T09:18:19+00:00\" \/>\n<meta name=\"twitter:card\" content=\"summary_large_image\" \/>\n<meta name=\"twitter:label1\" content=\"Dur\u00e9e de lecture estim\u00e9e\" \/>\n\t<meta name=\"twitter:data1\" content=\"1 minute\" \/>\n<!-- \/ Yoast SEO plugin. -->","yoast_head_json":{"title":"Notre \u00e9quipe - Fromatech","robots":{"index":"index","follow":"follow","max-snippet":"max-snippet:-1","max-image-preview":"max-image-preview:large","max-video-preview":"max-video-preview:-1"},"canonical":"https:\/\/www.fromatech.com\/fr\/notre-equipe\/","og_locale":"fr_FR","og_type":"article","og_title":"Notre \u00e9quipe - Fromatech","og_description":"Chaque repr\u00e9sentant poss\u00e8de une vaste exp\u00e9rience et une expertise technique exceptionnelle dans l&rsquo;industrie agroalimentaire. Issus de diff\u00e9rentes r\u00e9gions et horizons, nos repr\u00e9sentants interagissent efficacement avec des clients de cultures et de r\u00e9gions du monde entier, anticipent leurs besoins vari\u00e9s et leur apportent un soutien personnalis\u00e9 et dynamique en permanence. Gr\u00e2ce \u00e0 nos nombreux bureaux commerciaux [&hellip;]","og_url":"https:\/\/www.fromatech.com\/fr\/notre-equipe\/","og_site_name":"Fromatech","article_modified_time":"2025-11-25T09:18:19+00:00","twitter_card":"summary_large_image","twitter_misc":{"Dur\u00e9e de lecture estim\u00e9e":"1 minute"},"schema":{"@context":"https:\/\/schema.org","@graph":[{"@type":"WebPage","@id":"https:\/\/www.fromatech.com\/fr\/notre-equipe\/","url":"https:\/\/www.fromatech.com\/fr\/notre-equipe\/","name":"Notre \u00e9quipe - Fromatech","isPartOf":{"@id":"https:\/\/www.fromatech.com\/fr\/#website"},"datePublished":"2021-01-13T12:58:21+00:00","dateModified":"2025-11-25T09:18:19+00:00","breadcrumb":{"@id":"https:\/\/www.fromatech.com\/fr\/notre-equipe\/#breadcrumb"},"inLanguage":"fr-FR","potentialAction":[{"@type":"ReadAction","target":["https:\/\/www.fromatech.com\/fr\/notre-equipe\/"]}]},{"@type":"BreadcrumbList","@id":"https:\/\/www.fromatech.com\/fr\/notre-equipe\/#breadcrumb","itemListElement":[{"@type":"ListItem","position":1,"name":"Home","item":"https:\/\/www.fromatech.com\/fr\/"},{"@type":"ListItem","position":2,"name":"Notre \u00e9quipe"}]},{"@type":"WebSite","@id":"https:\/\/www.fromatech.com\/fr\/#website","url":"https:\/\/www.fromatech.com\/fr\/","name":"Fromatech","description":"Fromatech","potentialAction":[{"@type":"SearchAction","target":{"@type":"EntryPoint","urlTemplate":"https:\/\/www.fromatech.com\/fr\/?s={search_term_string}"},"query-input":{"@type":"PropertyValueSpecification","valueRequired":true,"valueName":"search_term_string"}}],"inLanguage":"fr-FR"}]}},"_links":{"self":[{"href":"https:\/\/www.fromatech.com\/fr\/wp-json\/wp\/v2\/pages\/2041","targetHints":{"allow":["GET"]}}],"collection":[{"href":"https:\/\/www.fromatech.com\/fr\/wp-json\/wp\/v2\/pages"}],"about":[{"href":"https:\/\/www.fromatech.com\/fr\/wp-json\/wp\/v2\/types\/page"}],"author":[{"embeddable":true,"href":"https:\/\/www.fromatech.com\/fr\/wp-json\/wp\/v2\/users\/1"}],"replies":[{"embeddable":true,"href":"https:\/\/www.fromatech.com\/fr\/wp-json\/wp\/v2\/comments?post=2041"}],"version-history":[{"count":1,"href":"https:\/\/www.fromatech.com\/fr\/wp-json\/wp\/v2\/pages\/2041\/revisions"}],"predecessor-version":[{"id":2296,"href":"https:\/\/www.fromatech.com\/fr\/wp-json\/wp\/v2\/pages\/2041\/revisions\/2296"}],"wp:attachment":[{"href":"https:\/\/www.fromatech.com\/fr\/wp-json\/wp\/v2\/media?parent=2041"}],"curies":[{"name":"wp","href":"https:\/\/api.w.org\/{rel}","templated":true}]}}